{"id":91,"date":"2023-06-20T12:16:47","date_gmt":"2023-06-20T12:16:47","guid":{"rendered":"https:\/\/beratung.vamtam.com\/?page_id=91"},"modified":"2026-03-14T15:58:41","modified_gmt":"2026-03-14T15:58:41","slug":"about-us","status":"publish","type":"page","link":"https:\/\/ekpeoplegovernance.com\/en\/sobre-nos\/","title":{"rendered":"About Us"},"content":{"rendered":"<div data-elementor-type=\"wp-page\" data-elementor-id=\"91\" class=\"elementor elementor-91\" data-elementor-post-type=\"page\">\n\t\t\t\t\t\t<section class=\"elementor-section elementor-top-section elementor-element elementor-element-0cc0eb8 elementor-section-full_width elementor-section-content-middle elementor-section-height-default elementor-section-height-default\" data-id=\"0cc0eb8\" data-element_type=\"section\" data-e-type=\"section\">\n\t\t\t\t\t\t<div class=\"elementor-container elementor-column-gap-no\">\n\t\t\t\t\t<div class=\"elementor-column elementor-col-100 elementor-top-column elementor-element elementor-element-2e98906\" data-id=\"2e98906\" data-element_type=\"column\" data-e-type=\"column\">\n\t\t\t<div class=\"elementor-widget-wrap elementor-element-populated\">\n\t\t\t\t\t\t<section class=\"elementor-section elementor-inner-section elementor-element elementor-element-163a93e elementor-section-height-min-height elementor-section-content-middle elementor-section-boxed elementor-section-height-default\" data-id=\"163a93e\" data-element_type=\"section\" data-e-type=\"section\">\n\t\t\t\t\t\t<div class=\"elementor-container elementor-column-gap-no\">\n\t\t\t\t\t<div class=\"elementor-column elementor-col-100 elementor-inner-column elementor-element elementor-element-07d6255\" data-id=\"07d6255\" data-element_type=\"column\" data-e-type=\"column\">\n\t\t\t<div class=\"elementor-widget-wrap elementor-element-populated\">\n\t\t\t\t\t\t<div class=\"vamtam-has-theme-widget-styles elementor-element elementor-element-0a1e0d1 elementor-widget elementor-widget-text-editor\" data-id=\"0a1e0d1\" data-element_type=\"widget\" data-e-type=\"widget\" data-widget_type=\"text-editor.default\">\n\t\t\t\t<div class=\"elementor-widget-container\">\n\t\t\t\t\t\t\t\t\t<p>The <b>EK People &amp; Governance<\/b> is a consulting firm specializing in Human Resources and Corporate Governance. Our purpose is to drive <i>performance<\/i> organizational through strategic, customized, and ethical solutions.<\/p><p><b>We act<\/b> from talent planning, culture, leadership, governance, <i>conformidade<\/i> and sustainability, while also offering specialized support through our SME and Startup incubator. We help organizations of all sizes achieve lasting results, improve their organizational climate, and enhance employee well-being.<\/p><p>On <b>EK People &amp; Governance<\/b>We believe that human capital is the driving force behind any organization. We are a company dedicated to empowering companies to <b>optimize<\/b> its people management and governance strategies, turning challenges into opportunities and driving sustainable growth through high-performance teams and inspirational leadership.<\/p><p>In addition, we integrate specialized Background Screening and KYC (Know Your Customer) services, which are essential for the security and integrity of organizations. These services strengthen HR processes by ensuring due diligence in hiring and compliance with regulations, minimizing risks and ensuring transparent and reliable corporate environments.<\/p>\t\t\t\t\t\t\t\t<\/div>\n\t\t\t\t<\/div>\n\t\t\t\t\t<\/div>\n\t\t<\/div>\n\t\t\t\t\t<\/div>\n\t\t<\/section>\n\t\t\t\t<div class=\"elementor-element elementor-element-c407048 elementor-absolute elementor-widget elementor-widget-template\" data-id=\"c407048\" data-element_type=\"widget\" data-e-type=\"widget\" data-settings=\"{&quot;_position&quot;:&quot;absolute&quot;}\" data-widget_type=\"template.default\">\n\t\t\t\t<div class=\"elementor-widget-container\">\n\t\t\t\t\t\t\t<div class=\"elementor-template\">\n\t\t\t\t\t<\/div>\n\t\t\t\t\t\t<\/div>\n\t\t\t\t<\/div>\n\t\t\t\t\t<\/div>\n\t\t<\/div>\n\t\t\t\t\t<\/div>\n\t\t<\/section>\n\t\t\t\t<section class=\"elementor-section elementor-top-section elementor-element elementor-element-9cd2eb4 elementor-section-boxed elementor-section-height-default elementor-section-height-default\" data-id=\"9cd2eb4\" data-element_type=\"section\" data-e-type=\"section\">\n\t\t\t\t\t\t<div class=\"elementor-container elementor-column-gap-default\">\n\t\t\t\t\t<div class=\"elementor-column elementor-col-100 elementor-top-column elementor-element elementor-element-4ae6e1b\" data-id=\"4ae6e1b\" data-element_type=\"column\" data-e-type=\"column\">\n\t\t\t<div class=\"elementor-widget-wrap elementor-element-populated\">\n\t\t\t\t\t\t<div class=\"elementor-element elementor-element-7e53163 elementor-widget elementor-widget-heading\" data-id=\"7e53163\" data-element_type=\"widget\" data-e-type=\"widget\" data-widget_type=\"heading.default\">\n\t\t\t\t<div class=\"elementor-widget-container\">\n\t\t\t\t\t<h2 class=\"elementor-heading-title elementor-size-default\">Our Mission and Vision\n<\/h2>\t\t\t\t<\/div>\n\t\t\t\t<\/div>\n\t\t\t\t\t<\/div>\n\t\t<\/div>\n\t\t\t\t\t<\/div>\n\t\t<\/section>\n\t\t\t\t<section class=\"elementor-section elementor-top-section elementor-element elementor-element-b2f7721 elementor-section-boxed elementor-section-height-default elementor-section-height-default\" data-id=\"b2f7721\" data-element_type=\"section\" data-e-type=\"section\">\n\t\t\t\t\t\t<div class=\"elementor-container elementor-column-gap-no\">\n\t\t\t\t\t<div class=\"elementor-column elementor-col-50 elementor-top-column elementor-element elementor-element-b2d744c\" data-id=\"b2d744c\" data-element_type=\"column\" data-e-type=\"column\">\n\t\t\t<div class=\"elementor-widget-wrap elementor-element-populated\">\n\t\t\t\t\t\t<div class=\"elementor-element elementor-element-06ace37 elementor-widget elementor-widget-heading\" data-id=\"06ace37\" data-element_type=\"widget\" data-e-type=\"widget\" data-widget_type=\"heading.default\">\n\t\t\t\t<div class=\"elementor-widget-container\">\n\t\t\t\t\t<h6 class=\"elementor-heading-title elementor-size-default\">Mission<\/h6>\t\t\t\t<\/div>\n\t\t\t\t<\/div>\n\t\t\t\t<div class=\"vamtam-has-theme-widget-styles elementor-element elementor-element-95e1272 elementor-widget elementor-widget-text-editor\" data-id=\"95e1272\" data-element_type=\"widget\" data-e-type=\"widget\" data-widget_type=\"text-editor.default\">\n\t\t\t\t<div class=\"elementor-widget-container\">\n\t\t\t\t\t\t\t\t\t<p>Promote excellence in people management through strategic, customized, and ethical solutions that contribute to organizational performance, sustainability, and employee well-being.<\/p>\t\t\t\t\t\t\t\t<\/div>\n\t\t\t\t<\/div>\n\t\t\t\t\t<\/div>\n\t\t<\/div>\n\t\t\t\t<div class=\"elementor-column elementor-col-50 elementor-top-column elementor-element elementor-element-101620e\" data-id=\"101620e\" data-element_type=\"column\" data-e-type=\"column\">\n\t\t\t<div class=\"elementor-widget-wrap elementor-element-populated\">\n\t\t\t\t\t\t<div class=\"elementor-element elementor-element-6f609f2 elementor-widget elementor-widget-heading\" data-id=\"6f609f2\" data-element_type=\"widget\" data-e-type=\"widget\" data-widget_type=\"heading.default\">\n\t\t\t\t<div class=\"elementor-widget-container\">\n\t\t\t\t\t<h6 class=\"elementor-heading-title elementor-size-default\">Vision<\/h6>\t\t\t\t<\/div>\n\t\t\t\t<\/div>\n\t\t\t\t<div class=\"vamtam-has-theme-widget-styles elementor-element elementor-element-ac87fdb elementor-widget elementor-widget-text-editor\" data-id=\"ac87fdb\" data-element_type=\"widget\" data-e-type=\"widget\" data-widget_type=\"text-editor.default\">\n\t\t\t\t<div class=\"elementor-widget-container\">\n\t\t\t\t\t\t\t\t\t<p>To be the partner of choice in Angola and international markets for organizations that value people management as a competitive advantage and a fundamental pillar for success.<\/p>\t\t\t\t\t\t\t\t<\/div>\n\t\t\t\t<\/div>\n\t\t\t\t<div class=\"vamtam-has-theme-widget-styles elementor-element elementor-element-f4f4039 elementor-widget elementor-widget-text-editor\" data-id=\"f4f4039\" data-element_type=\"widget\" data-e-type=\"widget\" data-widget_type=\"text-editor.default\">\n\t\t\t\t<div class=\"elementor-widget-container\">\n\t\t\t\t\t\t\t\t\t<p>EK People &amp; Governance was founded with a clear commitment: to transform people management into a driver of growth and innovation for companies.<\/p>\t\t\t\t\t\t\t\t<\/div>\n\t\t\t\t<\/div>\n\t\t\t\t\t<\/div>\n\t\t<\/div>\n\t\t\t\t\t<\/div>\n\t\t<\/section>\n\t\t\t\t<section class=\"elementor-section elementor-top-section elementor-element elementor-element-195d657 elementor-section-boxed elementor-section-height-default elementor-section-height-default\" data-id=\"195d657\" data-element_type=\"section\" data-e-type=\"section\">\n\t\t\t\t\t\t<div class=\"elementor-container elementor-column-gap-default\">\n\t\t\t\t\t<div class=\"elementor-column elementor-col-100 elementor-top-column elementor-element elementor-element-ccf98d8\" data-id=\"ccf98d8\" data-element_type=\"column\" data-e-type=\"column\">\n\t\t\t<div class=\"elementor-widget-wrap elementor-element-populated\">\n\t\t\t\t\t\t<div class=\"elementor-element elementor-element-bf64ef0 elementor-widget elementor-widget-spacer\" data-id=\"bf64ef0\" data-element_type=\"widget\" data-e-type=\"widget\" data-widget_type=\"spacer.default\">\n\t\t\t\t<div class=\"elementor-widget-container\">\n\t\t\t\t\t\t\t<div class=\"elementor-spacer\">\n\t\t\t<div class=\"elementor-spacer-inner\"><\/div>\n\t\t<\/div>\n\t\t\t\t\t\t<\/div>\n\t\t\t\t<\/div>\n\t\t\t\t\t<\/div>\n\t\t<\/div>\n\t\t\t\t\t<\/div>\n\t\t<\/section>\n\t\t\t\t<section class=\"elementor-section elementor-top-section elementor-element elementor-element-26d40c7 elementor-section-boxed elementor-section-height-default elementor-section-height-default\" data-id=\"26d40c7\" data-element_type=\"section\" data-e-type=\"section\">\n\t\t\t\t\t\t<div class=\"elementor-container elementor-column-gap-no\">\n\t\t\t\t\t<div class=\"elementor-column elementor-col-100 elementor-top-column elementor-element elementor-element-3f36917\" data-id=\"3f36917\" data-element_type=\"column\" data-e-type=\"column\">\n\t\t\t<div class=\"elementor-widget-wrap elementor-element-populated\">\n\t\t\t\t\t\t<div class=\"elementor-element elementor-element-295e0ea elementor-align-start elementor-icon-list--layout-traditional elementor-list-item-link-full_width elementor-widget elementor-widget-icon-list\" data-id=\"295e0ea\" data-element_type=\"widget\" data-e-type=\"widget\" data-widget_type=\"icon-list.default\">\n\t\t\t\t<div class=\"elementor-widget-container\">\n\t\t\t\t\t\t\t<ul class=\"elementor-icon-list-items\">\n\t\t\t\t\t\t\t<li class=\"elementor-icon-list-item\">\n\t\t\t\t\t\t\t\t\t\t\t<span class=\"elementor-icon-list-icon\">\n\t\t\t\t\t\t\t<svg xmlns=\"http:\/\/www.w3.org\/2000\/svg\" id=\"Camada_1\" data-name=\"Camada 1\" viewbox=\"0 0 100 100\"><defs><style>      .cls-1 {        fill: #1c213a;      }    <\/style><\/defs><path class=\"cls-1\" d=\"M85.9,12.37c0,7.86-2.09,15.26-5.7,21.68-1.19,2.09-2.56,4.11-4.08,5.99-.58.72-1.19,1.44-1.8,2.13-1.12,1.23-2.31,2.42-3.54,3.5-.76.65-1.55,1.3-2.35,1.91-.11.07-.18.14-.29.22-1.63,1.26-3.38,2.37-5.2,3.36v.03c1.8,1.01,3.54,2.13,5.2,3.39,1.63-1.05,3.21-2.16,4.73-3.39.04-.04.07-.07.11-.11.43-.36.9-.72,1.34-1.12,1.55-1.33,2.99-2.78,4.36-4.29.51-.58,1.01-1.19,1.52-1.8,1.01-1.23,1.95-2.49,2.85-3.82,1.12-1.66,2.13-3.39,3.03-5.2,2.62-5.16,4.38-10.85,5.07-16.86.35-3-2.05-5.62-5.07-5.62h-.18Z\"><\/path><path class=\"cls-1\" d=\"M78.65,56.71c-1.33-1.52-2.78-2.96-4.33-4.29-.47-.43-.97-.83-1.44-1.23-1.51,1.23-3.1,2.34-4.73,3.39.11.07.18.14.29.21.79.62,1.55,1.23,2.31,1.91,1.26,1.08,2.45,2.27,3.57,3.5.61.65,1.19,1.34,1.77,2.02,1.52,1.91,2.92,3.97,4.11,6.1,3.25,5.77,5.23,12.34,5.63,19.3h.25c2.95,0,5.23-2.64,4.75-5.55-.84-5.15-2.46-10.04-4.75-14.54-.94-1.84-1.95-3.61-3.1-5.3-.87-1.26-1.81-2.52-2.78-3.72-.51-.61-1.01-1.23-1.55-1.8Z\"><\/path><path class=\"cls-1\" d=\"M42.57,69.99h-11.76c-1.3,0-2.34-1.05-2.34-2.34v-3.07c0-1.3-1.05-2.35-2.35-2.35h-3.54v11.29c0,1.29,1.05,2.34,2.35,2.34h35.75c2.03,0,3.08-2.39,1.75-3.92-.38-.44-.78-.87-1.19-1.29-.44-.44-1.04-.68-1.66-.68h-17Z\"><\/path><path class=\"cls-1\" d=\"M30.81,18.25h35.47c1.35,0,2.51-.99,2.69-2.32.03-.2.05-.41.08-.61.18-1.58-1.11-2.95-2.7-2.95H13.52c-1.5,0-2.71,1.21-2.71,2.71v22.44c0,1.49,1.21,2.71,2.71,2.71h.47c1.49,0,2.71-1.21,2.71-2.71v-16.56c0-1.49,1.21-2.71,2.71-2.71h11.4Z\"><\/path><path class=\"cls-1\" d=\"M48.45,24.13h-23.52c-1.3,0-2.35,1.05-2.35,2.34v13.74h5.88v-7.86c0-1.3,1.05-2.34,2.34-2.34h30.83c.72,0,1.41-.32,1.85-.89.34-.45.67-.9.99-1.36,1.05-1.54-.11-3.62-1.97-3.62h-14.05Z\"><\/path><path class=\"cls-1\" d=\"M41.38,51.19h-.03.03ZM77.44,12.37c-1.45,0-2.65,1.12-2.77,2.56-1.19,14.8-12.03,26.87-26.23,29.94-1.91.4-3.86.65-5.88.72-.22,0-.47,0-.72.04H13.6c-1.53,0-2.78,1.24-2.78,2.78v5.62c0,1.54,1.25,2.78,2.78,2.78h25.76c.65-.03,1.33-.07,1.99-.07.43,0,.83.04,1.22.04,2.02.07,3.97.32,5.88.72,2.02.47,4,1.08,5.88,1.88.58.25,1.15.51,1.7.76,1.26.65,2.49,1.34,3.68,2.09,3.17,2.13,5.99,4.73,8.3,7.76,1.37,1.84,2.56,3.79,3.57,5.88.87,1.88,1.59,3.82,2.13,5.88.3,1.15.54,2.31.72,3.49.2,1.37,1.36,2.4,2.75,2.4,1.71,0,3-1.53,2.75-3.22-.13-.9-.29-1.78-.47-2.66-1.01-4.47-2.74-8.66-5.12-12.38-1.62-2.6-3.57-4.98-5.77-7.14-.04-.03-.07-.03-.11-.07-1.77-1.73-3.68-3.25-5.74-4.58-2.6-1.73-5.38-3.14-8.37-4.18-1.91-.65-3.86-1.19-5.88-1.55-1.91-.36-3.86-.58-5.88-.62-.4-.03-.79-.03-1.19-.03.4,0,.79,0,1.19-.04.51,0,.98-.04,1.48-.07,1.48-.07,2.96-.25,4.4-.54,2.02-.36,3.97-.9,5.88-1.55.69-.25,1.37-.51,2.02-.8,1.77-.72,3.5-1.59,5.12-2.56.43-.29.83-.54,1.26-.8,2.02-1.37,3.97-2.89,5.7-4.58.07-.07.14-.14.22-.21,2.17-2.09,4.04-4.44,5.67-7,2.81-4.4,4.73-9.42,5.59-14.79.15-.97.25-1.95.33-2.95.12-1.59-1.18-2.94-2.78-2.94h-.02Z\"><\/path><path class=\"cls-1\" d=\"M16.7,77.2v-12.2c0-1.53-1.24-2.78-2.78-2.78h-.33c-1.53,0-2.78,1.25-2.78,2.78v19.84c0,1.53,1.24,2.78,2.78,2.78h52.26c1.79,0,3.1-1.66,2.71-3.41-.02-.11-.05-.22-.07-.32-.29-1.26-1.42-2.15-2.72-2.15H19.48c-1.54,0-2.78-1.24-2.78-2.78v-1.77Z\"><\/path><\/svg>\t\t\t\t\t\t<\/span>\n\t\t\t\t\t\t\t\t\t\t<span class=\"elementor-icon-list-text\">Differentials of EK People &amp; Governance<\/span>\n\t\t\t\t\t\t\t\t\t<\/li>\n\t\t\t\t\t\t<\/ul>\n\t\t\t\t\t\t<\/div>\n\t\t\t\t<\/div>\n\t\t\t\t\t<\/div>\n\t\t<\/div>\n\t\t\t\t\t<\/div>\n\t\t<\/section>\n\t\t\t\t<section class=\"elementor-section elementor-top-section elementor-element elementor-element-26c8bbc elementor-section-boxed elementor-section-height-default elementor-section-height-default\" data-id=\"26c8bbc\" data-element_type=\"section\" data-e-type=\"section\">\n\t\t\t\t\t\t<div class=\"elementor-container elementor-column-gap-no\">\n\t\t\t\t\t<div class=\"elementor-column elementor-col-33 elementor-top-column elementor-element elementor-element-4bf435c\" data-id=\"4bf435c\" data-element_type=\"column\" data-e-type=\"column\">\n\t\t\t<div class=\"elementor-widget-wrap elementor-element-populated\">\n\t\t\t\t\t\t<div class=\"elementor-element elementor-element-98af59e elementor-widget elementor-widget-heading\" data-id=\"98af59e\" data-element_type=\"widget\" data-e-type=\"widget\" data-widget_type=\"heading.default\">\n\t\t\t\t<div class=\"elementor-widget-container\">\n\t\t\t\t\t<h6 class=\"elementor-heading-title elementor-size-default\">Focus on HR Governance<\/h6>\t\t\t\t<\/div>\n\t\t\t\t<\/div>\n\t\t\t\t<div class=\"vamtam-has-theme-widget-styles elementor-element elementor-element-b271b4c elementor-widget elementor-widget-text-editor\" data-id=\"b271b4c\" data-element_type=\"widget\" data-e-type=\"widget\" data-widget_type=\"text-editor.default\">\n\t\t\t\t<div class=\"elementor-widget-container\">\n\t\t\t\t\t\t\t\t\t<p>We integrate people management with corporate governance for greater compliance and strategy.<\/p>\t\t\t\t\t\t\t\t<\/div>\n\t\t\t\t<\/div>\n\t\t\t\t\t<\/div>\n\t\t<\/div>\n\t\t\t\t<div class=\"elementor-column elementor-col-33 elementor-top-column elementor-element elementor-element-04eec45\" data-id=\"04eec45\" data-element_type=\"column\" data-e-type=\"column\">\n\t\t\t<div class=\"elementor-widget-wrap elementor-element-populated\">\n\t\t\t\t\t\t<div class=\"elementor-element elementor-element-a6f6ca2 elementor-widget elementor-widget-heading\" data-id=\"a6f6ca2\" data-element_type=\"widget\" data-e-type=\"widget\" data-widget_type=\"heading.default\">\n\t\t\t\t<div class=\"elementor-widget-container\">\n\t\t\t\t\t<h6 class=\"elementor-heading-title elementor-size-default\">Evidence-Based Methodologies\n<\/h6>\t\t\t\t<\/div>\n\t\t\t\t<\/div>\n\t\t\t\t<div class=\"vamtam-has-theme-widget-styles elementor-element elementor-element-6bec0d9 elementor-widget elementor-widget-text-editor\" data-id=\"6bec0d9\" data-element_type=\"widget\" data-e-type=\"widget\" data-widget_type=\"text-editor.default\">\n\t\t\t\t<div class=\"elementor-widget-container\">\n\t\t\t\t\t\t\t\t\t<p>We use proven approaches and data analysis for more effective solutions.<\/p>\t\t\t\t\t\t\t\t<\/div>\n\t\t\t\t<\/div>\n\t\t\t\t\t<\/div>\n\t\t<\/div>\n\t\t\t\t<div class=\"elementor-column elementor-col-33 elementor-top-column elementor-element elementor-element-89325a8\" data-id=\"89325a8\" data-element_type=\"column\" data-e-type=\"column\">\n\t\t\t<div class=\"elementor-widget-wrap elementor-element-populated\">\n\t\t\t\t\t\t<div class=\"elementor-element elementor-element-0ef191d elementor-widget elementor-widget-heading\" data-id=\"0ef191d\" data-element_type=\"widget\" data-e-type=\"widget\" data-widget_type=\"heading.default\">\n\t\t\t\t<div class=\"elementor-widget-container\">\n\t\t\t\t\t<h6 class=\"elementor-heading-title elementor-size-default\">Use of HR Data Analytics\n<\/h6>\t\t\t\t<\/div>\n\t\t\t\t<\/div>\n\t\t\t\t<div class=\"vamtam-has-theme-widget-styles elementor-element elementor-element-9c95da3 elementor-widget elementor-widget-text-editor\" data-id=\"9c95da3\" data-element_type=\"widget\" data-e-type=\"widget\" data-widget_type=\"text-editor.default\">\n\t\t\t\t<div class=\"elementor-widget-container\">\n\t\t\t\t\t\t\t\t\t<p>Informed decisions through data analysis for process optimization.<\/p>\t\t\t\t\t\t\t\t<\/div>\n\t\t\t\t<\/div>\n\t\t\t\t\t<\/div>\n\t\t<\/div>\n\t\t\t\t\t<\/div>\n\t\t<\/section>\n\t\t\t\t<section class=\"elementor-section elementor-top-section elementor-element elementor-element-9aad663 elementor-section-boxed elementor-section-height-default elementor-section-height-default\" data-id=\"9aad663\" data-element_type=\"section\" data-e-type=\"section\">\n\t\t\t\t\t\t<div class=\"elementor-container elementor-column-gap-no\">\n\t\t\t\t\t<div class=\"elementor-column elementor-col-50 elementor-top-column elementor-element elementor-element-cf47dc0\" data-id=\"cf47dc0\" data-element_type=\"column\" data-e-type=\"column\">\n\t\t\t<div class=\"elementor-widget-wrap elementor-element-populated\">\n\t\t\t\t\t\t<div class=\"elementor-element elementor-element-b3c16cf elementor-widget elementor-widget-heading\" data-id=\"b3c16cf\" data-element_type=\"widget\" data-e-type=\"widget\" data-widget_type=\"heading.default\">\n\t\t\t\t<div class=\"elementor-widget-container\">\n\t\t\t\t\t<h6 class=\"elementor-heading-title elementor-size-default\">Ethics and Confidentiality\n<\/h6>\t\t\t\t<\/div>\n\t\t\t\t<\/div>\n\t\t\t\t<div class=\"vamtam-has-theme-widget-styles elementor-element elementor-element-f98cc52 elementor-widget elementor-widget-text-editor\" data-id=\"f98cc52\" data-element_type=\"widget\" data-e-type=\"widget\" data-widget_type=\"text-editor.default\">\n\t\t\t\t<div class=\"elementor-widget-container\">\n\t\t\t\t\t\t\t\t\t<p>Unwavering commitment to the highest standards of conduct.<\/p>\t\t\t\t\t\t\t\t<\/div>\n\t\t\t\t<\/div>\n\t\t\t\t\t<\/div>\n\t\t<\/div>\n\t\t\t\t<div class=\"elementor-column elementor-col-50 elementor-top-column elementor-element elementor-element-dbc1bcc\" data-id=\"dbc1bcc\" data-element_type=\"column\" data-e-type=\"column\">\n\t\t\t<div class=\"elementor-widget-wrap elementor-element-populated\">\n\t\t\t\t\t\t<div class=\"elementor-element elementor-element-f95cfbd elementor-widget elementor-widget-heading\" data-id=\"f95cfbd\" data-element_type=\"widget\" data-e-type=\"widget\" data-widget_type=\"heading.default\">\n\t\t\t\t<div class=\"elementor-widget-container\">\n\t\t\t\t\t<h6 class=\"elementor-heading-title elementor-size-default\">Multidisciplinary Team\n<\/h6>\t\t\t\t<\/div>\n\t\t\t\t<\/div>\n\t\t\t\t<div class=\"vamtam-has-theme-widget-styles elementor-element elementor-element-87633ee elementor-widget elementor-widget-text-editor\" data-id=\"87633ee\" data-element_type=\"widget\" data-e-type=\"widget\" data-widget_type=\"text-editor.default\">\n\t\t\t\t<div class=\"elementor-widget-container\">\n\t\t\t\t\t\t\t\t\t<p>Profissionais com vasta experi\u00eancia em diversas \u00e1reas de RH e governan\u00e7a.<\/p>\t\t\t\t\t\t\t\t<\/div>\n\t\t\t\t<\/div>\n\t\t\t\t\t<\/div>\n\t\t<\/div>\n\t\t\t\t\t<\/div>\n\t\t<\/section>\n\t\t\t\t<\/div>","protected":false},"excerpt":{"rendered":"<p>Building Bridges for Sustainable and Inclusive Growth<\/p>","protected":false},"author":1,"featured_media":0,"parent":0,"menu_order":0,"comment_status":"closed","ping_status":"closed","template":"","meta":{"footnotes":""},"class_list":["post-91","page","type-page","status-publish","hentry"],"_hostinger_reach_plugin_has_subscription_block":false,"_hostinger_reach_plugin_is_elementor":false,"_links":{"self":[{"href":"https:\/\/ekpeoplegovernance.com\/en\/wp-json\/wp\/v2\/pages\/91","targetHints":{"allow":["GET"]}}],"collection":[{"href":"https:\/\/ekpeoplegovernance.com\/en\/wp-json\/wp\/v2\/pages"}],"about":[{"href":"https:\/\/ekpeoplegovernance.com\/en\/wp-json\/wp\/v2\/types\/page"}],"author":[{"embeddable":true,"href":"https:\/\/ekpeoplegovernance.com\/en\/wp-json\/wp\/v2\/users\/1"}],"replies":[{"embeddable":true,"href":"https:\/\/ekpeoplegovernance.com\/en\/wp-json\/wp\/v2\/comments?post=91"}],"version-history":[{"count":115,"href":"https:\/\/ekpeoplegovernance.com\/en\/wp-json\/wp\/v2\/pages\/91\/revisions"}],"predecessor-version":[{"id":988566,"href":"https:\/\/ekpeoplegovernance.com\/en\/wp-json\/wp\/v2\/pages\/91\/revisions\/988566"}],"wp:attachment":[{"href":"https:\/\/ekpeoplegovernance.com\/en\/wp-json\/wp\/v2\/media?parent=91"}],"curies":[{"name":"wp","href":"https:\/\/api.w.org\/{rel}","templated":true}]}}