{"id":4215,"date":"2023-07-10T12:08:25","date_gmt":"2023-07-10T12:08:25","guid":{"rendered":"https:\/\/beratung.vamtam.com\/?page_id=4215"},"modified":"2026-03-14T16:22:45","modified_gmt":"2026-03-14T16:22:45","slug":"formacao-e-desenvolvimento","status":"publish","type":"page","link":"https:\/\/ekpeoplegovernance.com\/en\/servicos\/formacao-e-desenvolvimento\/","title":{"rendered":"Training and Development"},"content":{"rendered":"\t\t<div data-elementor-type=\"wp-page\" data-elementor-id=\"4215\" class=\"elementor elementor-4215\" data-elementor-post-type=\"page\">\n\t\t\t\t\t\t<section class=\"elementor-section elementor-top-section elementor-element elementor-element-5268d46 elementor-section-boxed elementor-section-height-default elementor-section-height-default\" data-id=\"5268d46\" data-element_type=\"section\" data-e-type=\"section\" data-settings=\"{&quot;background_background&quot;:&quot;classic&quot;}\">\n\t\t\t\t\t\t\t<div class=\"elementor-background-overlay\"><\/div>\n\t\t\t\t\t\t\t<div class=\"elementor-container elementor-column-gap-no\">\n\t\t\t\t\t<div class=\"elementor-column elementor-col-100 elementor-top-column elementor-element elementor-element-3dcf129\" data-id=\"3dcf129\" data-element_type=\"column\" data-e-type=\"column\">\n\t\t\t<div class=\"elementor-widget-wrap elementor-element-populated\">\n\t\t\t\t\t\t<div class=\"elementor-element elementor-element-e169741 elementor-widget elementor-widget-spacer\" data-id=\"e169741\" data-element_type=\"widget\" data-e-type=\"widget\" data-widget_type=\"spacer.default\">\n\t\t\t\t<div class=\"elementor-widget-container\">\n\t\t\t\t\t\t\t<div class=\"elementor-spacer\">\n\t\t\t<div class=\"elementor-spacer-inner\"><\/div>\n\t\t<\/div>\n\t\t\t\t\t\t<\/div>\n\t\t\t\t<\/div>\n\t\t\t\t<section class=\"elementor-section elementor-inner-section elementor-element elementor-element-b836d65 elementor-section-boxed elementor-section-height-default elementor-section-height-default\" data-id=\"b836d65\" data-element_type=\"section\" data-e-type=\"section\">\n\t\t\t\t\t\t<div class=\"elementor-container elementor-column-gap-no\">\n\t\t\t\t\t<div class=\"elementor-column elementor-col-50 elementor-inner-column elementor-element elementor-element-f1bb9de\" data-id=\"f1bb9de\" data-element_type=\"column\" data-e-type=\"column\">\n\t\t\t<div class=\"elementor-widget-wrap elementor-element-populated\">\n\t\t\t\t\t\t<div class=\"vamtam-has-theme-widget-styles elementor-element elementor-element-740bf69 elementor-widget__width-initial elementor-widget elementor-widget-text-editor\" data-id=\"740bf69\" data-element_type=\"widget\" data-e-type=\"widget\" data-widget_type=\"text-editor.default\">\n\t\t\t\t<div class=\"elementor-widget-container\">\n\t\t\t\t\t\t\t\t\t<p>Diagn\u00f3stico de necessidades, sourcing multicanal, avalia\u00e7\u00e3o por compet\u00eancias, <i>assessment centers<\/i> e <i>employer branding<\/i> para atrair os melhores talentos.<\/p>\t\t\t\t\t\t\t\t<\/div>\n\t\t\t\t<\/div>\n\t\t\t\t<div class=\"elementor-element elementor-element-1c8e4b5 elementor-widget elementor-widget-spacer\" data-id=\"1c8e4b5\" data-element_type=\"widget\" data-e-type=\"widget\" data-widget_type=\"spacer.default\">\n\t\t\t\t<div class=\"elementor-widget-container\">\n\t\t\t\t\t\t\t<div class=\"elementor-spacer\">\n\t\t\t<div class=\"elementor-spacer-inner\"><\/div>\n\t\t<\/div>\n\t\t\t\t\t\t<\/div>\n\t\t\t\t<\/div>\n\t\t\t\t<div class=\"vamtam-has-theme-widget-styles elementor-element elementor-element-e94fc03 animated-slow elementor-widget elementor-widget-button\" data-id=\"e94fc03\" data-element_type=\"widget\" data-e-type=\"widget\" data-settings=\"{&quot;_animation&quot;:&quot;none&quot;,&quot;_animation_tablet&quot;:&quot;none&quot;,&quot;_animation_delay&quot;:0}\" data-widget_type=\"button.default\">\n\t\t\t\t<div class=\"elementor-widget-container\">\n\t\t\t\t\t\t\t\t\t<div class=\"elementor-button-wrapper\">\n\t\t\t\t\t<a class=\"elementor-button elementor-button-link elementor-size-sm\" href=\"https:\/\/ekpeoplegovernance.com\/sobre-nos\/\">\n\t\t\t\t\t\t<span class=\"elementor-button-content-wrapper\">\n\t\t\t\t\t\t\t\t\t<span class=\"elementor-button-text\">Solicitar uma proposta<\/span>\n\t\t\t\t\t<\/span>\n\t\t\t\t\t<\/a>\n\t\t\t\t<\/div>\n\t\t\t\t\t\t\t\t<\/div>\n\t\t\t\t<\/div>\n\t\t\t\t\t<\/div>\n\t\t<\/div>\n\t\t\t\t<div class=\"elementor-column elementor-col-50 elementor-inner-column elementor-element elementor-element-7f9b0f1\" data-id=\"7f9b0f1\" data-element_type=\"column\" data-e-type=\"column\">\n\t\t\t<div class=\"elementor-widget-wrap elementor-element-populated\">\n\t\t\t\t\t\t<div class=\"elementor-element elementor-element-e076556 elementor-widget__width-initial elementor-widget elementor-widget-image\" data-id=\"e076556\" data-element_type=\"widget\" data-e-type=\"widget\" data-settings=\"{&quot;motion_fx_motion_fx_scrolling&quot;:&quot;yes&quot;,&quot;motion_fx_translateY_effect&quot;:&quot;yes&quot;,&quot;motion_fx_translateY_speed&quot;:{&quot;unit&quot;:&quot;px&quot;,&quot;size&quot;:1,&quot;sizes&quot;:[]},&quot;motion_fx_translateY_affectedRange&quot;:{&quot;unit&quot;:&quot;%&quot;,&quot;size&quot;:&quot;&quot;,&quot;sizes&quot;:{&quot;start&quot;:0,&quot;end&quot;:51}},&quot;motion_fx_devices&quot;:[&quot;desktop&quot;]}\" data-widget_type=\"image.default\">\n\t\t\t\t<div class=\"elementor-widget-container\">\n\t\t\t\t\t\t\t\t\t\t\t\t\t\t\t<img fetchpriority=\"high\" decoding=\"async\" width=\"1024\" height=\"1024\" src=\"https:\/\/ekpeoplegovernance.com\/wp-content\/uploads\/2026\/03\/about-copiar-2.png\" class=\"attachment-full size-full wp-image-988222\" alt=\"\" srcset=\"https:\/\/ekpeoplegovernance.com\/wp-content\/uploads\/2026\/03\/about-copiar-2.png 1024w, https:\/\/ekpeoplegovernance.com\/wp-content\/uploads\/2026\/03\/about-copiar-2-300x300.png 300w, https:\/\/ekpeoplegovernance.com\/wp-content\/uploads\/2026\/03\/about-copiar-2-150x150.png 150w, https:\/\/ekpeoplegovernance.com\/wp-content\/uploads\/2026\/03\/about-copiar-2-768x768.png 768w, https:\/\/ekpeoplegovernance.com\/wp-content\/uploads\/2026\/03\/about-copiar-2-12x12.png 12w, https:\/\/ekpeoplegovernance.com\/wp-content\/uploads\/2026\/03\/elementor\/thumbs\/about-copiar-2-rk3ity74093d15ww5pwsqkxoy6yo1isvz3h8uc3pds.png 800w\" sizes=\"(max-width: 1024px) 100vw, 1024px\" \/>\t\t\t\t\t\t\t\t\t\t\t\t\t\t\t<\/div>\n\t\t\t\t<\/div>\n\t\t\t\t\t<\/div>\n\t\t<\/div>\n\t\t\t\t\t<\/div>\n\t\t<\/section>\n\t\t\t\t\t<\/div>\n\t\t<\/div>\n\t\t\t\t\t<\/div>\n\t\t<\/section>\n\t\t\t\t<\/div>\n\t\t","protected":false},"excerpt":{"rendered":"<p>Diagn\u00f3stico de necessidades, sourcing multicanal, avalia\u00e7\u00e3o por compet\u00eancias, assessment centers e employer branding para atrair os melhores talentos.<\/p>","protected":false},"author":1,"featured_media":0,"parent":89,"menu_order":0,"comment_status":"closed","ping_status":"closed","template":"","meta":{"footnotes":""},"class_list":["post-4215","page","type-page","status-publish","hentry"],"_hostinger_reach_plugin_has_subscription_block":false,"_hostinger_reach_plugin_is_elementor":false,"_links":{"self":[{"href":"https:\/\/ekpeoplegovernance.com\/en\/wp-json\/wp\/v2\/pages\/4215","targetHints":{"allow":["GET"]}}],"collection":[{"href":"https:\/\/ekpeoplegovernance.com\/en\/wp-json\/wp\/v2\/pages"}],"about":[{"href":"https:\/\/ekpeoplegovernance.com\/en\/wp-json\/wp\/v2\/types\/page"}],"author":[{"embeddable":true,"href":"https:\/\/ekpeoplegovernance.com\/en\/wp-json\/wp\/v2\/users\/1"}],"replies":[{"embeddable":true,"href":"https:\/\/ekpeoplegovernance.com\/en\/wp-json\/wp\/v2\/comments?post=4215"}],"version-history":[{"count":38,"href":"https:\/\/ekpeoplegovernance.com\/en\/wp-json\/wp\/v2\/pages\/4215\/revisions"}],"predecessor-version":[{"id":988586,"href":"https:\/\/ekpeoplegovernance.com\/en\/wp-json\/wp\/v2\/pages\/4215\/revisions\/988586"}],"up":[{"embeddable":true,"href":"https:\/\/ekpeoplegovernance.com\/en\/wp-json\/wp\/v2\/pages\/89"}],"wp:attachment":[{"href":"https:\/\/ekpeoplegovernance.com\/en\/wp-json\/wp\/v2\/media?parent=4215"}],"curies":[{"name":"wp","href":"https:\/\/api.w.org\/{rel}","templated":true}]}}